{"id":338,"date":"2018-09-03T13:01:58","date_gmt":"2018-09-03T13:01:58","guid":{"rendered":"https:\/\/demo.gloriathemes.com\/luxe\/demo\/?page_id=338"},"modified":"2021-10-11T17:23:13","modified_gmt":"2021-10-11T15:23:13","slug":"spa-zabava","status":"publish","type":"page","link":"https:\/\/kosmikohill.com\/sr\/spa-zabava\/","title":{"rendered":"SPA &#038; ZABAVA"},"content":{"rendered":"<p>[vc_row full_width=&#8221;stretch_row_content_no_spaces&#8221;][vc_column]<div class=\"gt-feature-box gt-side-img gt-align-left gt-style-3\"><div class=\"gt-img\"><div class=\"gt-img-inner gt-lazy-load\" data-bg=\"https:\/\/kosmikohill.com\/wp-content\/uploads\/2021\/10\/SPA_rev1_2-Photo-950x555.jpg\"><\/div><\/div><div class=\"gt-container\"><div class=\"row\"><div class=\"col-lg-6 offset-lg-6\"><div class=\"gt-content\"><div class=\"gt-subtitle\">Zona za odmor<\/div><h3 class=\"gt-title\">SPA &amp; WELLNESS<\/h3><div class=\"gt-excerpt\"><p>Okinawa Spa centar pored zatvorenog bazena obuhvata finsku i bio saunu, parno kupatilo, zonu za odmor i relaksaciju u prizemlju, gym zonu, kao i fizio centar za fizikalne terapije, masa\u017eu i vitaminski bar.<\/p>\n<\/div><a href=\"https:\/\/kosmikohill.com\/sr\/spa\/\" target=\"_parent\" class=\"gt-btn gt-btn-primary\">Read More<\/a><\/div><\/div><\/div><\/div><\/div><div class=\"gt-feature-box gt-side-img gt-align-right gt-style-3\"><div class=\"gt-img\"><div class=\"gt-img-inner gt-lazy-load\" data-bg=\"https:\/\/kosmikohill.com\/wp-content\/uploads\/2021\/10\/pexels-rachel-claire-4992604-950x555.jpg\"><\/div><\/div><div class=\"gt-container\"><div class=\"row\"><div class=\"col-lg-6\"><div class=\"gt-content\"><div class=\"gt-subtitle\">Tracking po Kosmaju<\/div><h3 class=\"gt-title\">PLANINARENJE<\/h3><div class=\"gt-excerpt\"><p>U blizini\u00a0se nalaze manastiri Tresije, Kastaljan i Pavlovac, kao i spomenici do kojih ima bezbroj pe\u0161a\u010dkih obele\u017eenih ruta.<\/p>\n<\/div><\/div><\/div><\/div><\/div><\/div><div class=\"gt-feature-box gt-side-img gt-align-left gt-style-3\"><div class=\"gt-img\"><div class=\"gt-img-inner gt-lazy-load\" data-bg=\"https:\/\/kosmikohill.com\/wp-content\/uploads\/2021\/10\/pexels-pixabay-163452-950x555.jpg\"><\/div><\/div><div class=\"gt-container\"><div class=\"row\"><div class=\"col-lg-6 offset-lg-6\"><div class=\"gt-content\"><div class=\"gt-subtitle\">Multifunkcionalni sportski teren<\/div><h3 class=\"gt-title\">SPORT &amp; REKREACIJA<\/h3><div class=\"gt-excerpt\"><p>Pored svih sportova koji se mogu igrati na otvorenom, u okviru resorta se nalazi i multifunkcionalni teren koji mo\u017ee biti kori\u0161\u0107en za igranje ko\u0161arke, fudbala, tenisa i odbojke.<\/p>\n<\/div><\/div><\/div><\/div><\/div><\/div><div class=\"gt-feature-box gt-side-img gt-align-right gt-style-3\"><div class=\"gt-img\"><div class=\"gt-img-inner gt-lazy-load\" data-bg=\"https:\/\/kosmikohill.com\/wp-content\/uploads\/2021\/10\/pexels-mathias-pr-reding-6966041-950x555.jpg\"><\/div><\/div><div class=\"gt-container\"><div class=\"row\"><div class=\"col-lg-6\"><div class=\"gt-content\"><div class=\"gt-subtitle\">Dru\u017eenje sa \u017eivotinjama<\/div><h3 class=\"gt-title\">JAHANJE KONJA<\/h3><div class=\"gt-excerpt\"><p>Na recepciji resorta se mo\u017eete raspitati o svim mogu\u0107im aktivnostima, a jedna od njih je i terensko jahanje. Bilo da ste po\u010detnici ili ljubitelji konja, u\u017eiva\u0107ete.<\/p>\n<\/div><\/div><\/div><\/div><\/div><\/div>[\/vc_column][\/vc_row]<\/p>","protected":false},"excerpt":{"rendered":"<p>[vc_row full_width=&#8221;stretch_row_content_no_spaces&#8221;][vc_column][\/vc_column][\/vc_row]<\/p>","protected":false},"author":1,"featured_media":0,"parent":0,"menu_order":0,"comment_status":"closed","ping_status":"closed","template":"","meta":[],"_links":{"self":[{"href":"https:\/\/kosmikohill.com\/sr\/wp-json\/wp\/v2\/pages\/338"}],"collection":[{"href":"https:\/\/kosmikohill.com\/sr\/wp-json\/wp\/v2\/pages"}],"about":[{"href":"https:\/\/kosmikohill.com\/sr\/wp-json\/wp\/v2\/types\/page"}],"author":[{"embeddable":true,"href":"https:\/\/kosmikohill.com\/sr\/wp-json\/wp\/v2\/users\/1"}],"replies":[{"embeddable":true,"href":"https:\/\/kosmikohill.com\/sr\/wp-json\/wp\/v2\/comments?post=338"}],"version-history":[{"count":16,"href":"https:\/\/kosmikohill.com\/sr\/wp-json\/wp\/v2\/pages\/338\/revisions"}],"predecessor-version":[{"id":2692,"href":"https:\/\/kosmikohill.com\/sr\/wp-json\/wp\/v2\/pages\/338\/revisions\/2692"}],"wp:attachment":[{"href":"https:\/\/kosmikohill.com\/sr\/wp-json\/wp\/v2\/media?parent=338"}],"curies":[{"name":"wp","href":"https:\/\/api.w.org\/{rel}","templated":true}]}}